{"id":8327,"date":"2020-10-21T11:38:09","date_gmt":"2020-10-21T09:38:09","guid":{"rendered":"https:\/\/www.hidros.it\/hidros-zone-software\/"},"modified":"2022-02-01T11:27:45","modified_gmt":"2022-02-01T10:27:45","slug":"hidros-zone-software","status":"publish","type":"page","link":"https:\/\/areautenti.hidros.it\/es\/hidros-zone-software\/","title":{"rendered":"Hidros Zone"},"content":{"rendered":"<section id=\"block_5f90001ed360a\" class=\"container-fluid acf-image-1 padding-60px-tb parallax margin-50px-bottom parallax\" data-stellar-background-ratio=\"0.1\" style=\"background-image:url('https:\/\/areautenti.hidros.it\/wp-content\/uploads\/2021\/11\/AdobeStock_92169367-scaled.jpeg'); background-size: cover;\">\n    <div class=\"container position-relative d-flex justify-content-center text-center one-second-screen \">\n        <div class=\"row align-items-center\">\n            <div class=\"col-12\">\n                <p class=\"title-large text-white text-uppercase\"><p style=\"text-align: center; color: white;\"><img loading=\"lazy\" class=\"aligncenter wp-image-880 \" src=\"http:\/\/www.hidros.it\/wp-content\/uploads\/2021\/11\/Logo-Hidros-ZONE.png\" alt=\"\" width=\"712\" height=\"267\" \/><br \/>\r\n<br \/>\r\n<br \/>\r\n<br \/>\r\n<br \/>\r\n<strong>SELECTION SOFTWARE <em>by<\/em> HIDROS THERMAL SOLUTIONS<br \/>\r\n<br \/>\r\n<br \/>\r\n<br \/>\r\n<br \/>\r\n<br \/>\r\n<br \/>\r\n<br \/>\r\n<br \/>\r\n<font size=\"5\"; color=\"#ffffff\"><a href=\"http:\/\/hidroszone.hidros.it\/\" Target= \"_blank\" style=\"color:white\"><br \/>\r\nIR A HIDROS ZONE<br \/>\r\n<\/a><br \/>\r\n<\/font><br \/>\r\n<\/strong><\/p><\/p>\n            <\/div>\n        <\/div>\n    <\/div>\n<\/section>\n\n\n<h2 class=\"has-text-align-center\" id=\"h-apoyo-valioso-para-la-creaci-n-de-la-propuesta-t-cnica-y-comercial\">APOYO VALIOSO PARA LA CREACI\u00d3N DE LA PROPUESTA T\u00c9CNICA Y COMERCIAL<\/h2>\n\n\n\n<p class=\"has-text-align-center\">Hidros Zone es el software que le permite elaborar r\u00e1pidamente simulaciones unitarias y propuestas t\u00e9cnico-comerciales, con un dise\u00f1o intuitivo y simplificado que cuenta con una base de datos constantemente actualizada.<\/p>\n\n\n<section id=\"block_5f903c4dcf04c\" class=\"container text-center  padding-30px-tb\">\n    <div class=\"separator-line-horrizontal-medium-light margin-auto\">\n    <\/div>\n<\/section>\n\n<section id=\"block_5f8ff411d3781\" class=\"container acf-info-2 padding-60px-tb\">\n    <div class=\"row\">\n        <div class=\"col-md-8 col-12\">\n\t\t\t            <div><img loading=\"lazy\" class=\"alignnone wp-image-925 size-full\" src=\"http:\/\/www.hidros.it\/wp-content\/uploads\/2021\/11\/AdobeStock_244647617-scaled.jpeg\" alt=\"horizon\" width=\"1024\" height=\"731\" \/><\/div>\n\t\t\t        <\/div>\n\t\t            <div class=\"col-4\">\n\t\t\t\t                    <h5 class=\"text-secondary\">HIDROS ZONE<\/h5>\n\t\t\t\t                <div><ul><br \/>\r\n \t<li>Perfil personalizado<\/li><br \/>\r\n \t<li>Selecciones de m\u00e1quinas del cat\u00e1logo<\/li><br \/>\r\n \t<li>Simulaci\u00f3n de unidades en condiciones termohigrom\u00e9tricas personalizables<\/li><br \/>\r\n \t<li>Edici\u00f3n de la oferta comercial personalizada<\/li><br \/>\r\n \t<li>Seguridad de los datos<\/li><br \/>\r\n \t<li>Actualizaciones constantes<\/li><br \/>\r\n<\/ul><\/div>\n\t\t\t\t            <\/div>\n\t\t    <\/div>\n<\/section>\n<style type=\"text\/css\">\n    #\n    block_5f8ff411d3781    blockquote {\n        border-left: 2px solid #00a195;\n    }\n\n    #\n    block_5f8ff411d3781    li {\n        padding: 5px 0 5px 20px;\n        text-indent: -21px;\n    }\n<\/style>\n\n\n<section id=\"block_5f96d7afcd3dd\" class=\"container-fluid acf-image-1 padding-60px-tb parallax parallax\" data-stellar-background-ratio=\"0.1\" style=\"background-image:url('https:\/\/areautenti.hidros.it\/wp-content\/uploads\/2021\/11\/AdobeStock_338150177-scaled.jpeg'); background-size: cover;\">\n    <div class=\"container position-relative d-flex justify-content-center text-center one-second-screen \">\n        <div class=\"row align-items-center\">\n            <div class=\"col-12\">\n                <p class=\"title-large text-white text-uppercase\"><\/p>\n            <\/div>\n        <\/div>\n    <\/div>\n<\/section>","protected":false},"excerpt":{"rendered":"<p>APOYO VALIOSO PARA LA CREACI\u00d3N DE LA PROPUESTA T\u00c9CNICA Y COMERCIAL Hidros Zone es el software que le permite elaborar r\u00e1pidamente simulaciones unitarias y propuestas t\u00e9cnico-comerciales, con un dise\u00f1o intuitivo y simplificado que cuenta con una base de datos constantemente actualizada.<\/p>\n","protected":false},"author":2,"featured_media":0,"parent":0,"menu_order":67,"comment_status":"closed","ping_status":"closed","template":"","meta":[],"acf":[],"yoast_head":"<!-- This site is optimized with the Yoast SEO Premium plugin v15.0 - https:\/\/yoast.com\/wordpress\/plugins\/seo\/ -->\n<title>Hidros Zone - Hidros<\/title>\n<meta name=\"description\" content=\"Hidros Zone \u00e8 il software che ti permette di elaborare rapidamente simulazioni delle unit\u00e0 e di sviluppare proposte tecnico-commerciali.\" \/>\n<meta name=\"robots\" content=\"index, follow, max-snippet:-1, max-image-preview:large, max-video-preview:-1\" \/>\n<link rel=\"canonical\" href=\"https:\/\/www.hidros.it\/es\/hidros-zone-software\/\" \/>\n<meta property=\"og:locale\" content=\"es_ES\" \/>\n<meta property=\"og:type\" content=\"article\" \/>\n<meta property=\"og:title\" content=\"Hidros Zone - Hidros\" \/>\n<meta property=\"og:description\" content=\"Hidros Zone \u00e8 il software che ti permette di elaborare rapidamente simulazioni delle unit\u00e0 e di sviluppare proposte tecnico-commerciali.\" \/>\n<meta property=\"og:url\" content=\"https:\/\/www.hidros.it\/es\/hidros-zone-software\/\" \/>\n<meta property=\"og:site_name\" content=\"Hidros\" \/>\n<meta property=\"article:modified_time\" content=\"2022-02-01T10:27:45+00:00\" \/>\n<meta name=\"twitter:card\" content=\"summary_large_image\" \/>\n<meta name=\"twitter:creator\" content=\"@sergio.tiezzi@kts.it\" \/>\n<script type=\"application\/ld+json\" class=\"yoast-schema-graph\">{\"@context\":\"https:\/\/schema.org\",\"@graph\":[{\"@type\":\"WebSite\",\"@id\":\"https:\/\/areautenti.hidros.it\/es\/#website\",\"url\":\"https:\/\/areautenti.hidros.it\/es\/\",\"name\":\"Hidros\",\"description\":\"Aria condizionata e applicazioni industriali\",\"potentialAction\":[{\"@type\":\"SearchAction\",\"target\":\"https:\/\/areautenti.hidros.it\/es\/?s={search_term_string}\",\"query-input\":\"required name=search_term_string\"}],\"inLanguage\":\"es\"},{\"@type\":\"WebPage\",\"@id\":\"https:\/\/www.hidros.it\/es\/hidros-zone-software\/#webpage\",\"url\":\"https:\/\/www.hidros.it\/es\/hidros-zone-software\/\",\"name\":\"Hidros Zone - Hidros\",\"isPartOf\":{\"@id\":\"https:\/\/areautenti.hidros.it\/es\/#website\"},\"datePublished\":\"2020-10-21T09:38:09+00:00\",\"dateModified\":\"2022-02-01T10:27:45+00:00\",\"description\":\"Hidros Zone \\u00e8 il software che ti permette di elaborare rapidamente simulazioni delle unit\\u00e0 e di sviluppare proposte tecnico-commerciali.\",\"inLanguage\":\"es\",\"potentialAction\":[{\"@type\":\"ReadAction\",\"target\":[\"https:\/\/www.hidros.it\/es\/hidros-zone-software\/\"]}]}]}<\/script>\n<!-- \/ Yoast SEO Premium plugin. -->","_links":{"self":[{"href":"https:\/\/areautenti.hidros.it\/es\/wp-json\/wp\/v2\/pages\/8327"}],"collection":[{"href":"https:\/\/areautenti.hidros.it\/es\/wp-json\/wp\/v2\/pages"}],"about":[{"href":"https:\/\/areautenti.hidros.it\/es\/wp-json\/wp\/v2\/types\/page"}],"author":[{"embeddable":true,"href":"https:\/\/areautenti.hidros.it\/es\/wp-json\/wp\/v2\/users\/2"}],"replies":[{"embeddable":true,"href":"https:\/\/areautenti.hidros.it\/es\/wp-json\/wp\/v2\/comments?post=8327"}],"version-history":[{"count":2,"href":"https:\/\/areautenti.hidros.it\/es\/wp-json\/wp\/v2\/pages\/8327\/revisions"}],"predecessor-version":[{"id":8351,"href":"https:\/\/areautenti.hidros.it\/es\/wp-json\/wp\/v2\/pages\/8327\/revisions\/8351"}],"wp:attachment":[{"href":"https:\/\/areautenti.hidros.it\/es\/wp-json\/wp\/v2\/media?parent=8327"}],"curies":[{"name":"wp","href":"https:\/\/api.w.org\/{rel}","templated":true}]}}