{"id":4474,"date":"2021-04-14T15:45:29","date_gmt":"2021-04-14T13:45:29","guid":{"rendered":"https:\/\/www.hidros.it\/accedi\/"},"modified":"2024-07-08T14:39:23","modified_gmt":"2024-07-08T12:39:23","slug":"accedi","status":"publish","type":"page","link":"https:\/\/areautenti.hidros.it\/es\/accedi\/","title":{"rendered":"Enter"},"content":{"rendered":"\n<div class=\"page-header\"><h1 class=\"page-title text-center\">Login<\/h1><\/div>\n\n\n<div id=\"wppb-login-wrap\" class=\"wppb-user-forms\">\n\t\t<form name=\"wppb-loginform\" id=\"wppb-loginform\" action=\"https:\/\/areautenti.hidros.it\/es\/wp-json\/wp\/v2\/pages\/4474\" method=\"post\">\n\t\t\t\n\t\t\t<p class=\"login-username\">\n\t\t\t\t<label for=\"user_login\">Email<\/label>\n\t\t\t\t<input type=\"text\" name=\"log\" id=\"user_login\" class=\"input\" value=\"\" size=\"20\" \/>\n\t\t\t<\/p>\n\t\t\t<p class=\"login-password\">\n\t\t\t\t<label for=\"user_pass\">Contrase\u00f1a<\/label>\n\t\t\t\t<input type=\"password\" name=\"pwd\" id=\"user_pass\" class=\"input\" value=\"\" size=\"20\" \/>\n\t\t\t<\/p>\n\t\t\t\n\t\t\t<p class=\"login-remember\"><label><input name=\"rememberme\" type=\"checkbox\" id=\"rememberme\" value=\"forever\" \/> Recu\u00e9rdame<\/label><\/p>\n\t\t\t<p class=\"login-submit\">\n\t\t\t\t<input type=\"submit\" name=\"wp-submit\" id=\"wppb-submit\" class=\"button button-primary\" value=\"Acceder\" \/>\n\t\t\t\t<input type=\"hidden\" name=\"redirect_to\" value=\"https:\/\/areautenti.hidros.it\/es\/wp-json\/wp\/v2\/pages\/4474\" \/>\n\t\t\t<\/p>\n\t\t\t<input type=\"hidden\" name=\"wppb_login\" value=\"true\"\/>\n\t\t\t<input type=\"hidden\" name=\"wppb_form_location\" value=\"widget\"\/>\n\t\t\t<input type=\"hidden\" name=\"wppb_request_url\" value=\"https:\/\/areautenti.hidros.it\/es\/wp-json\/wp\/v2\/pages\/4474\"\/>\n\t\t\t<input type=\"hidden\" name=\"wppb_lostpassword_url\" value=\"\"\/>\n\t\t\t<input type=\"hidden\" name=\"wppb_redirect_priority\" value=\"\"\/>\n\t\t\t<input type=\"hidden\" name=\"wppb_referer_url\" value=\"\"\/>\n\t\t\t<input type=\"hidden\" id=\"CSRFToken-wppb\" name=\"CSRFToken-wppb\" value=\"0d743312ce\" \/><input type=\"hidden\" name=\"_wp_http_referer\" value=\"\/es\/wp-json\/wp\/v2\/pages\/4474\" \/>\n\t\t\t<input type=\"hidden\" name=\"wppb_redirect_check\" value=\"true\"\/>\n\t\t\t\n\t\t<\/form><\/div>\n\n\n<div class=\"row\">\n    <div class=\"col-6 text-center\">\n        <a href=\"https:\/\/areautenti.hidros.it\/es\/registrazione\/\">Reg\u00edstrate<\/a>\n    <\/div>\n    <div class=\"col-6 text-center\">\n        <a href=\"https:\/\/areautenti.hidros.it\/es\/hai-dimenticato-la-password\/\">Olvid\u00f3 en contrase\u00f1a?<\/a>\n    <\/div>\n<\/div>\n","protected":false},"excerpt":{"rendered":"<p>Login Reg\u00edstrate Olvid\u00f3 en contrase\u00f1a?<\/p>\n","protected":false},"author":1,"featured_media":0,"parent":0,"menu_order":39,"comment_status":"closed","ping_status":"closed","template":"template-wppb-login.php","meta":[],"acf":[],"yoast_head":"<!-- This site is optimized with the Yoast SEO Premium plugin v15.0 - https:\/\/yoast.com\/wordpress\/plugins\/seo\/ -->\n<title>Enter - Hidros<\/title>\n<meta name=\"robots\" content=\"index, follow, max-snippet:-1, max-image-preview:large, max-video-preview:-1\" \/>\n<link rel=\"canonical\" href=\"https:\/\/areautenti.hidros.it\/es\/accedi\/\" \/>\n<meta property=\"og:locale\" content=\"es_ES\" \/>\n<meta property=\"og:type\" content=\"article\" \/>\n<meta property=\"og:title\" content=\"Enter - Hidros\" \/>\n<meta property=\"og:description\" content=\"Login Reg\u00edstrate Olvid\u00f3 en contrase\u00f1a?\" \/>\n<meta property=\"og:url\" content=\"https:\/\/areautenti.hidros.it\/es\/accedi\/\" \/>\n<meta property=\"og:site_name\" content=\"Hidros\" \/>\n<meta property=\"article:modified_time\" content=\"2024-07-08T12:39:23+00:00\" \/>\n<meta name=\"twitter:card\" content=\"summary_large_image\" \/>\n<script type=\"application\/ld+json\" class=\"yoast-schema-graph\">{\"@context\":\"https:\/\/schema.org\",\"@graph\":[{\"@type\":\"WebSite\",\"@id\":\"https:\/\/areautenti.hidros.it\/es\/#website\",\"url\":\"https:\/\/areautenti.hidros.it\/es\/\",\"name\":\"Hidros\",\"description\":\"Aria condizionata e applicazioni industriali\",\"potentialAction\":[{\"@type\":\"SearchAction\",\"target\":\"https:\/\/areautenti.hidros.it\/es\/?s={search_term_string}\",\"query-input\":\"required name=search_term_string\"}],\"inLanguage\":\"es\"},{\"@type\":\"WebPage\",\"@id\":\"https:\/\/areautenti.hidros.it\/es\/accedi\/#webpage\",\"url\":\"https:\/\/areautenti.hidros.it\/es\/accedi\/\",\"name\":\"Enter - Hidros\",\"isPartOf\":{\"@id\":\"https:\/\/areautenti.hidros.it\/es\/#website\"},\"datePublished\":\"2021-04-14T13:45:29+00:00\",\"dateModified\":\"2024-07-08T12:39:23+00:00\",\"inLanguage\":\"es\",\"potentialAction\":[{\"@type\":\"ReadAction\",\"target\":[\"https:\/\/areautenti.hidros.it\/es\/accedi\/\"]}]}]}<\/script>\n<!-- \/ Yoast SEO Premium plugin. -->","_links":{"self":[{"href":"https:\/\/areautenti.hidros.it\/es\/wp-json\/wp\/v2\/pages\/4474"}],"collection":[{"href":"https:\/\/areautenti.hidros.it\/es\/wp-json\/wp\/v2\/pages"}],"about":[{"href":"https:\/\/areautenti.hidros.it\/es\/wp-json\/wp\/v2\/types\/page"}],"author":[{"embeddable":true,"href":"https:\/\/areautenti.hidros.it\/es\/wp-json\/wp\/v2\/users\/1"}],"replies":[{"embeddable":true,"href":"https:\/\/areautenti.hidros.it\/es\/wp-json\/wp\/v2\/comments?post=4474"}],"version-history":[{"count":3,"href":"https:\/\/areautenti.hidros.it\/es\/wp-json\/wp\/v2\/pages\/4474\/revisions"}],"predecessor-version":[{"id":49036,"href":"https:\/\/areautenti.hidros.it\/es\/wp-json\/wp\/v2\/pages\/4474\/revisions\/49036"}],"wp:attachment":[{"href":"https:\/\/areautenti.hidros.it\/es\/wp-json\/wp\/v2\/media?parent=4474"}],"curies":[{"name":"wp","href":"https:\/\/api.w.org\/{rel}","templated":true}]}}